{"id":165,"date":"2025-07-25T19:57:04","date_gmt":"2025-07-25T17:57:04","guid":{"rendered":"https:\/\/apps.schurm.at\/?page_id=165"},"modified":"2026-01-24T13:35:02","modified_gmt":"2026-01-24T12:35:02","slug":"downloads","status":"publish","type":"page","link":"https:\/\/apps.schurm.at\/?page_id=165","title":{"rendered":"Downloads"},"content":{"rendered":"\n<p>Hier gibt es die M\u00f6glichkeit, Beispiele f\u00fcr m\u00f6gliche Trainingspl\u00e4ne herunter zu laden. Mit dem Smartphone einfach herunterladen und in der App importieren. Hier eine Step-by-step Anleitung. Die Beispiele sind unterhalb zu finden:<\/p>\n\n\n\n<ol class=\"wp-block-list\">\n<li>Klicke auf ein Beispiel-Trainingsprogramm, lade es herunter und speichere es in einem Ordner welchen du leicht wieder findest (z.B. &#8222;Downloads&#8220;)<\/li>\n\n\n\n<li>\u00d6ffne die Workout Diary App und gehe auf &#8222;Einstellungen&#8220;<\/li>\n\n\n\n<li>Klicke auf &#8222;Datenbank importieren&#8220;<\/li>\n\n\n\n<li>\u00d6ffne den Ordner unter welchem der Trainingsplan gespeichert wurde (z.B. &#8222;Downloads&#8220;) und klicke darauf.<\/li>\n\n\n\n<li>W\u00e4hle deinen Import-Modus: &#8222;Alle Daten ersetzen&#8220; oder &#8222;Daten anh\u00e4ngen (Merge)&#8220; -&gt; bei Ersterem werden alle bereits gespeichertern Daten gel\u00f6scht und durch die neue Daten ersetzt, bei Zweiterem werden die Daten hinzugef\u00fcgt ohne bereits bestehende Daten zu verlieren.<\/li>\n<\/ol>\n\n\n\n<p><strong>NEU<\/strong>: Trainingspl\u00e4ne k\u00f6nnen jetzt \u00fcber &#8222;Einstellungen &#8211; EXAMPLES&#8220; direkt heruntergeladen und importiert werden!<\/p>\n\n\n\n<p>Pl\u00e4ne sind nur Beispiele, wie man eine Einteilung machen k\u00f6nnte!<\/p>\n\n\n\n<ul class=\"wp-block-list\">\n<li><a href=\"https:\/\/apps.schurm.at\/wp-content\/examples\/Leg_Day.db\" target=\"_blank\" rel=\"noreferrer noopener\">Leg Day<\/a> &#8211; Dumbbell Lunges, Calf Raises,  Leg Curls, Leg Extensions<\/li>\n\n\n\n<li><a href=\"https:\/\/apps.schurm.at\/wp-content\/examples\/Pull_Day.db\" target=\"_blank\" rel=\"noreferrer noopener\">Pull Day<\/a> &#8211; 8 \u00dcbungen f\u00fcr Bizeps, 3 \u00dcbungen f\u00fcr Schultern und Trapezmuskel und 5 \u00dcbungen f\u00fcr R\u00fccken<\/li>\n\n\n\n<li><a href=\"https:\/\/apps.schurm.at\/wp-content\/examples\/Push_Day.db\" target=\"_blank\" rel=\"noreferrer noopener\">Push Day<\/a> &#8211; 5 \u00dcbungen f\u00fcr Brust, 8 \u00dcbungen f\u00fcr die Schultern und 4 \u00dcbungen f\u00fcr den  Trizeps<\/li>\n\n\n\n<li><a href=\"https:\/\/apps.schurm.at\/wp-content\/examples\/Pull_Push_Leg_Cardio.db\" target=\"_blank\" rel=\"noreferrer noopener\">Leg, Pull und Push Days alles in einem<\/a><\/li>\n<\/ul>\n\n\n\n<p>Tutorial Video wie man einen Download in der App importiert:<\/p>\n\n\n\n<figure class=\"wp-block-video aligncenter\"><video controls src=\"https:\/\/apps.schurm.at\/wp-content\/examples\/Tutorial_Downloads.mp4\"><\/video><\/figure>\n","protected":false},"excerpt":{"rendered":"<p>Hier gibt es die M\u00f6glichkeit, Beispiele f\u00fcr m\u00f6gliche Trainingspl\u00e4ne herunter zu laden. Mit dem Smartphone einfach herunterladen und in der [&hellip;]<\/p>\n","protected":false},"author":1,"featured_media":0,"parent":0,"menu_order":0,"comment_status":"closed","ping_status":"closed","template":"","meta":{"site-sidebar-layout":"default","site-content-layout":"","ast-site-content-layout":"","site-content-style":"default","site-sidebar-style":"default","ast-global-header-display":"","ast-banner-title-visibility":"","ast-main-header-display":"","ast-hfb-above-header-display":"","ast-hfb-below-header-display":"","ast-hfb-mobile-header-display":"","site-post-title":"","ast-breadcrumbs-content":"","ast-featured-img":"","footer-sml-layout":"","theme-transparent-header-meta":"","adv-header-id-meta":"","stick-header-meta":"","header-above-stick-meta":"","header-main-stick-meta":"","header-below-stick-meta":"","astra-migrate-meta-layouts":"default","ast-page-background-enabled":"default","ast-page-background-meta":{"desktop":{"background-color":"var(--ast-global-color-5)","background-image":"","background-repeat":"repeat","background-position":"center center","background-size":"auto","background-attachment":"scroll","background-type":"","background-media":"","overlay-type":"","overlay-color":"","overlay-opacity":"","overlay-gradient":""},"tablet":{"background-color":"","background-image":"","background-repeat":"repeat","background-position":"center center","background-size":"auto","background-attachment":"scroll","background-type":"","background-media":"","overlay-type":"","overlay-color":"","overlay-opacity":"","overlay-gradient":""},"mobile":{"background-color":"","background-image":"","background-repeat":"repeat","background-position":"center center","background-size":"auto","background-attachment":"scroll","background-type":"","background-media":"","overlay-type":"","overlay-color":"","overlay-opacity":"","overlay-gradient":""}},"ast-content-background-meta":{"desktop":{"background-color":"var(--ast-global-color-4)","background-image":"","background-repeat":"repeat","background-position":"center center","background-size":"auto","background-attachment":"scroll","background-type":"","background-media":"","overlay-type":"","overlay-color":"","overlay-opacity":"","overlay-gradient":""},"tablet":{"background-color":"var(--ast-global-color-4)","background-image":"","background-repeat":"repeat","background-position":"center center","background-size":"auto","background-attachment":"scroll","background-type":"","background-media":"","overlay-type":"","overlay-color":"","overlay-opacity":"","overlay-gradient":""},"mobile":{"background-color":"var(--ast-global-color-4)","background-image":"","background-repeat":"repeat","background-position":"center center","background-size":"auto","background-attachment":"scroll","background-type":"","background-media":"","overlay-type":"","overlay-color":"","overlay-opacity":"","overlay-gradient":""}},"footnotes":""},"class_list":["post-165","page","type-page","status-publish","hentry"],"jetpack_sharing_enabled":true,"_links":{"self":[{"href":"https:\/\/apps.schurm.at\/index.php?rest_route=\/wp\/v2\/pages\/165","targetHints":{"allow":["GET"]}}],"collection":[{"href":"https:\/\/apps.schurm.at\/index.php?rest_route=\/wp\/v2\/pages"}],"about":[{"href":"https:\/\/apps.schurm.at\/index.php?rest_route=\/wp\/v2\/types\/page"}],"author":[{"embeddable":true,"href":"https:\/\/apps.schurm.at\/index.php?rest_route=\/wp\/v2\/users\/1"}],"replies":[{"embeddable":true,"href":"https:\/\/apps.schurm.at\/index.php?rest_route=%2Fwp%2Fv2%2Fcomments&post=165"}],"version-history":[{"count":10,"href":"https:\/\/apps.schurm.at\/index.php?rest_route=\/wp\/v2\/pages\/165\/revisions"}],"predecessor-version":[{"id":340,"href":"https:\/\/apps.schurm.at\/index.php?rest_route=\/wp\/v2\/pages\/165\/revisions\/340"}],"wp:attachment":[{"href":"https:\/\/apps.schurm.at\/index.php?rest_route=%2Fwp%2Fv2%2Fmedia&parent=165"}],"curies":[{"name":"wp","href":"https:\/\/api.w.org\/{rel}","templated":true}]}}