{"id":15,"date":"2025-05-16T11:45:04","date_gmt":"2025-05-16T09:45:04","guid":{"rendered":"https:\/\/apps.schurm.at\/?page_id=15"},"modified":"2025-06-14T09:48:18","modified_gmt":"2025-06-14T07:48:18","slug":"impressum","status":"publish","type":"page","link":"https:\/\/apps.schurm.at\/?page_id=15","title":{"rendered":"Impressum"},"content":{"rendered":"\n<p>Robert Schurm<br>Zehentpoint 5<br>4841 Ungenach<br>eMail: apps@schurm.at<br>UID-Nummer: ATU82164523<br>Beh\u00f6rde : Bezirkshauptmannschaft V\u00f6cklabruck<br><a href=\"https:\/\/firmen.wko.at\/robert-friedrich-schurm-bed\/ober%c3%b6sterreich\/?firmaid=7cb4105c-d52f-49b7-9dee-f721818ac213&amp;standortid=78&amp;standortname=v%c3%b6cklabruck%20%28bezirk%29&amp;suchbegriff=schurm\" target=\"_blank\" rel=\"noreferrer noopener\">Mitglied der WKO Ober\u00f6sterreich<\/a><\/p>\n\n\n\n<p><\/p>\n","protected":false},"excerpt":{"rendered":"<p>Robert SchurmZehentpoint 54841 UngenacheMail: apps@schurm.atUID-Nummer: ATU82164523Beh\u00f6rde : Bezirkshauptmannschaft V\u00f6cklabruckMitglied der WKO Ober\u00f6sterreich<\/p>\n","protected":false},"author":1,"featured_media":0,"parent":0,"menu_order":0,"comment_status":"closed","ping_status":"closed","template":"","meta":{"site-sidebar-layout":"default","site-content-layout":"","ast-site-content-layout":"","site-content-style":"default","site-sidebar-style":"default","ast-global-header-display":"","ast-banner-title-visibility":"","ast-main-header-display":"","ast-hfb-above-header-display":"","ast-hfb-below-header-display":"","ast-hfb-mobile-header-display":"","site-post-title":"","ast-breadcrumbs-content":"","ast-featured-img":"","footer-sml-layout":"","theme-transparent-header-meta":"","adv-header-id-meta":"","stick-header-meta":"","header-above-stick-meta":"","header-main-stick-meta":"","header-below-stick-meta":"","astra-migrate-meta-layouts":"default","ast-page-background-enabled":"default","ast-page-background-meta":{"desktop":{"background-color":"var(--ast-global-color-5)","background-image":"","background-repeat":"repeat","background-position":"center center","background-size":"auto","background-attachment":"scroll","background-type":"","background-media":"","overlay-type":"","overlay-color":"","overlay-opacity":"","overlay-gradient":""},"tablet":{"background-color":"","background-image":"","background-repeat":"repeat","background-position":"center center","background-size":"auto","background-attachment":"scroll","background-type":"","background-media":"","overlay-type":"","overlay-color":"","overlay-opacity":"","overlay-gradient":""},"mobile":{"background-color":"","background-image":"","background-repeat":"repeat","background-position":"center center","background-size":"auto","background-attachment":"scroll","background-type":"","background-media":"","overlay-type":"","overlay-color":"","overlay-opacity":"","overlay-gradient":""}},"ast-content-background-meta":{"desktop":{"background-color":"var(--ast-global-color-4)","background-image":"","background-repeat":"repeat","background-position":"center center","background-size":"auto","background-attachment":"scroll","background-type":"","background-media":"","overlay-type":"","overlay-color":"","overlay-opacity":"","overlay-gradient":""},"tablet":{"background-color":"var(--ast-global-color-4)","background-image":"","background-repeat":"repeat","background-position":"center center","background-size":"auto","background-attachment":"scroll","background-type":"","background-media":"","overlay-type":"","overlay-color":"","overlay-opacity":"","overlay-gradient":""},"mobile":{"background-color":"var(--ast-global-color-4)","background-image":"","background-repeat":"repeat","background-position":"center center","background-size":"auto","background-attachment":"scroll","background-type":"","background-media":"","overlay-type":"","overlay-color":"","overlay-opacity":"","overlay-gradient":""}},"footnotes":""},"class_list":["post-15","page","type-page","status-publish","hentry"],"jetpack_sharing_enabled":true,"_links":{"self":[{"href":"https:\/\/apps.schurm.at\/index.php?rest_route=\/wp\/v2\/pages\/15","targetHints":{"allow":["GET"]}}],"collection":[{"href":"https:\/\/apps.schurm.at\/index.php?rest_route=\/wp\/v2\/pages"}],"about":[{"href":"https:\/\/apps.schurm.at\/index.php?rest_route=\/wp\/v2\/types\/page"}],"author":[{"embeddable":true,"href":"https:\/\/apps.schurm.at\/index.php?rest_route=\/wp\/v2\/users\/1"}],"replies":[{"embeddable":true,"href":"https:\/\/apps.schurm.at\/index.php?rest_route=%2Fwp%2Fv2%2Fcomments&post=15"}],"version-history":[{"count":4,"href":"https:\/\/apps.schurm.at\/index.php?rest_route=\/wp\/v2\/pages\/15\/revisions"}],"predecessor-version":[{"id":154,"href":"https:\/\/apps.schurm.at\/index.php?rest_route=\/wp\/v2\/pages\/15\/revisions\/154"}],"wp:attachment":[{"href":"https:\/\/apps.schurm.at\/index.php?rest_route=%2Fwp%2Fv2%2Fmedia&parent=15"}],"curies":[{"name":"wp","href":"https:\/\/api.w.org\/{rel}","templated":true}]}}