{"id":122,"date":"2025-05-23T08:56:18","date_gmt":"2025-05-23T06:56:18","guid":{"rendered":"https:\/\/apps.schurm.at\/?page_id=122"},"modified":"2026-01-20T12:14:51","modified_gmt":"2026-01-20T11:14:51","slug":"statistiken","status":"publish","type":"page","link":"https:\/\/apps.schurm.at\/?page_id=122","title":{"rendered":"Statistiken"},"content":{"rendered":"\n<h2 class=\"wp-block-heading\"><strong>Dein Fortschritt in Zahlen<\/strong><\/h2>\n\n\n\n<p>Die Statistik-Funktion hilft dir, Muster zu erkennen, Fortschritte zu feiern und deine Planung zu optimieren.<\/p>\n\n\n\n<h3 class=\"wp-block-heading\"><strong>Zeitraum w\u00e4hlen \u2013 du bestimmst den Fokus<\/strong><\/h3>\n\n\n\n<p>Nutze flexible Zeitfilter, um deine Trainingsdaten gezielt auszuwerten:<\/p>\n\n\n\n<ul class=\"wp-block-list\">\n<li><strong>Gesamter Zeitraum<\/strong><\/li>\n\n\n\n<li><strong>Letzte 6 Monate<\/strong><\/li>\n\n\n\n<li><strong>Letzte 3 Monate<\/strong><\/li>\n\n\n\n<li><strong>Letzte 30 Tage<\/strong><\/li>\n\n\n\n<li>Oder einzelne Jahre mit Eintr\u00e4gen<\/li>\n<\/ul>\n\n\n\n<p>So kannst du dir z.\u202fB. deinen Jahresverlauf, Monatsfortschritt oder kurzfristige Trainingsphasen anschauen.<\/p>\n\n\n\n<h3 class=\"wp-block-heading\"><strong>Filter nach Trainingsart oder Struktur<\/strong><\/h3>\n\n\n\n<p>Du kannst w\u00e4hlen, was genau du dir ansehen m\u00f6chtest:<\/p>\n\n\n\n<ul class=\"wp-block-list\">\n<li><strong>Kraft\u00fcbungen<\/strong> \u2192 alle eingetragenen Kraft\u00fcbungen im \u00dcberblick<\/li>\n\n\n\n<li><strong>Cardio<\/strong> \u2192 Gesamtdistanz, Kalorien, Dauer und mehr<\/li>\n\n\n\n<li><strong>Prim\u00e4rkategorien<\/strong> \u2192 z.\u202fB. wie oft <em>Tag A<\/em>, <em>Tag B<\/em>, <em>Tag C<\/em> trainiert wurden<\/li>\n\n\n\n<li><strong>Sekund\u00e4rkategorien<\/strong> \u2192 aggregierte Werte pro Muskelgruppe oder Bewegungstyp (z.\u202fB. <em>Beine<\/em>, <em>Push<\/em>, <em>Zug\u00fcbungen<\/em>)<\/li>\n<\/ul>\n\n\n\n<h3 class=\"wp-block-heading\"><strong>Was wird angezeigt?<\/strong><\/h3>\n\n\n\n<p>Je nach Auswahl bekommst du z.\u202fB. folgende Durchschnittswerte:<\/p>\n\n\n\n<ul class=\"wp-block-list\">\n<li><strong>Cardio<\/strong>: Kilometer, Kalorien, Minuten<\/li>\n\n\n\n<li><strong>Krafttraining<\/strong>: Wiederholungen, Gewicht (kg\/lbs), Trainingstage<\/li>\n\n\n\n<li><strong>Muskelgruppen<\/strong>: wie oft wurde <em>Brust<\/em>, <em>Beine<\/em>, <em>R\u00fccken<\/em> etc. trainiert?<\/li>\n<\/ul>\n\n\n\n<p>So erkennst du z.\u202fB.:<br>&#8211; Ob du bestimmte Muskelgruppen vernachl\u00e4ssigst<br>&#8211; Wie konstant du trainierst<br>&#8211; Wie deine Leistungsdaten sich \u00fcber die Zeit ver\u00e4ndern<\/p>\n","protected":false},"excerpt":{"rendered":"<p>Dein Fortschritt in Zahlen Die Statistik-Funktion hilft dir, Muster zu erkennen, Fortschritte zu feiern und deine Planung zu optimieren. Zeitraum [&hellip;]<\/p>\n","protected":false},"author":1,"featured_media":0,"parent":0,"menu_order":0,"comment_status":"closed","ping_status":"closed","template":"","meta":{"site-sidebar-layout":"default","site-content-layout":"","ast-site-content-layout":"","site-content-style":"default","site-sidebar-style":"default","ast-global-header-display":"","ast-banner-title-visibility":"","ast-main-header-display":"","ast-hfb-above-header-display":"","ast-hfb-below-header-display":"","ast-hfb-mobile-header-display":"","site-post-title":"","ast-breadcrumbs-content":"","ast-featured-img":"","footer-sml-layout":"","theme-transparent-header-meta":"","adv-header-id-meta":"","stick-header-meta":"","header-above-stick-meta":"","header-main-stick-meta":"","header-below-stick-meta":"","astra-migrate-meta-layouts":"default","ast-page-background-enabled":"default","ast-page-background-meta":{"desktop":{"background-color":"var(--ast-global-color-5)","background-image":"","background-repeat":"repeat","background-position":"center center","background-size":"auto","background-attachment":"scroll","background-type":"","background-media":"","overlay-type":"","overlay-color":"","overlay-opacity":"","overlay-gradient":""},"tablet":{"background-color":"","background-image":"","background-repeat":"repeat","background-position":"center center","background-size":"auto","background-attachment":"scroll","background-type":"","background-media":"","overlay-type":"","overlay-color":"","overlay-opacity":"","overlay-gradient":""},"mobile":{"background-color":"","background-image":"","background-repeat":"repeat","background-position":"center center","background-size":"auto","background-attachment":"scroll","background-type":"","background-media":"","overlay-type":"","overlay-color":"","overlay-opacity":"","overlay-gradient":""}},"ast-content-background-meta":{"desktop":{"background-color":"var(--ast-global-color-4)","background-image":"","background-repeat":"repeat","background-position":"center center","background-size":"auto","background-attachment":"scroll","background-type":"","background-media":"","overlay-type":"","overlay-color":"","overlay-opacity":"","overlay-gradient":""},"tablet":{"background-color":"var(--ast-global-color-4)","background-image":"","background-repeat":"repeat","background-position":"center center","background-size":"auto","background-attachment":"scroll","background-type":"","background-media":"","overlay-type":"","overlay-color":"","overlay-opacity":"","overlay-gradient":""},"mobile":{"background-color":"var(--ast-global-color-4)","background-image":"","background-repeat":"repeat","background-position":"center center","background-size":"auto","background-attachment":"scroll","background-type":"","background-media":"","overlay-type":"","overlay-color":"","overlay-opacity":"","overlay-gradient":""}},"footnotes":""},"class_list":["post-122","page","type-page","status-publish","hentry"],"jetpack_sharing_enabled":true,"_links":{"self":[{"href":"https:\/\/apps.schurm.at\/index.php?rest_route=\/wp\/v2\/pages\/122","targetHints":{"allow":["GET"]}}],"collection":[{"href":"https:\/\/apps.schurm.at\/index.php?rest_route=\/wp\/v2\/pages"}],"about":[{"href":"https:\/\/apps.schurm.at\/index.php?rest_route=\/wp\/v2\/types\/page"}],"author":[{"embeddable":true,"href":"https:\/\/apps.schurm.at\/index.php?rest_route=\/wp\/v2\/users\/1"}],"replies":[{"embeddable":true,"href":"https:\/\/apps.schurm.at\/index.php?rest_route=%2Fwp%2Fv2%2Fcomments&post=122"}],"version-history":[{"count":3,"href":"https:\/\/apps.schurm.at\/index.php?rest_route=\/wp\/v2\/pages\/122\/revisions"}],"predecessor-version":[{"id":328,"href":"https:\/\/apps.schurm.at\/index.php?rest_route=\/wp\/v2\/pages\/122\/revisions\/328"}],"wp:attachment":[{"href":"https:\/\/apps.schurm.at\/index.php?rest_route=%2Fwp%2Fv2%2Fmedia&parent=122"}],"curies":[{"name":"wp","href":"https:\/\/api.w.org\/{rel}","templated":true}]}}